{"id":289,"date":"2020-12-09T14:30:26","date_gmt":"2020-12-09T13:30:26","guid":{"rendered":"https:\/\/www.mggestion.es\/home\/?page_id=289"},"modified":"2020-12-09T14:30:27","modified_gmt":"2020-12-09T13:30:27","slug":"aviso-legal","status":"publish","type":"page","link":"https:\/\/www.mggestion.es\/home\/aviso-legal\/","title":{"rendered":"Aviso Legal"},"content":{"rendered":"\n<p><strong>T\u00c9RMINOS Y CONDICIONES DE USO<\/strong><\/p>\n\n\n\n<p><strong>1. Introducci\u00f3n<\/strong><\/p>\n\n\n\n<p>1.1. Mediante el uso y el acceso a este sitio web y a las direcciones URL derivadas de www.mggestion.es (en adelante los sitios web), usted otorga un contrato vinculante con M\u00aa EVA LLORET ARANDA, su contrato con nosotros incluye su aceptaci\u00f3n a estos \u201cT\u00e9rminos y Condiciones de Uso\u201d y a nuestra \u201cPol\u00edtica de Privacidad y Pol\u00edtica de Cookies\u201d. Si no estuviera de acuerdo con cualquiera de los t\u00e9rminos, por favor, le invitamos a que abandone los sitios web.<\/p>\n\n\n\n<p><strong>1.2. Los sitios webs son titularidad de M\u00aa EVA LLORET ARANDA, con sede social en C\/ MAR\u00cdA GUERRERO, 46-2\u00ba C (ALICANTE), con DNI 52775376-J y correo electr\u00f3nico: EVA@MGGESTION.ES<\/strong><strong>.<\/strong><\/p>\n\n\n\n<p>1.3. M\u00aa EVA LLORET ARANDA le indica que es obligaci\u00f3n del usuario leer las presentes condiciones de uso de los sitios web, consider\u00e1ndose vigentes y por lo tanto aplicables, recomendando a los usuarios imprimir o guardar una copia de los presentes \u201cT\u00e9rminos y condiciones de uso\u201d para posteriormente tener conocimiento de las mismas, si bien las mismas estar\u00e1n en todo momento disponibles en la p\u00e1gina web (www.mggestion.es). Todas las condiciones pueden ser almacenadas y reproducidas por los usuarios\/clientes a trav\u00e9s de cualquier herramienta de los procesadores de texto convencionales en el mercado.<\/p>\n\n\n\n<p>1.4. Para poder usar y navegar los sitios web de M\u00aa EVA LLORET ARANDA, el Usuario debe (a) tener 18 o m\u00e1s a\u00f1os, o tener 14 y contar con el consentimiento paterno o de su tutor a estos t\u00e9rminos, (b) tener capacidad para otorgar un contrato vinculante con nosotros y que ninguna ley aplicable lo proh\u00edba, y (c) ser residente en Espa\u00f1a. El Usuario tambi\u00e9n garantiza que toda informaci\u00f3n que proporcione a M\u00aa EVA LLORET ARANDA sea veraz, precisa y completa, y acepta que as\u00ed sea en todo momento.<\/p>\n\n\n\n<p><strong>2. Objeto<\/strong><\/p>\n\n\n\n<p>2.1. Es objeto de los presentes t\u00e9rminos de uso la navegaci\u00f3n, acceso y uso del portal y de su informaci\u00f3n (Browsing, es decir el ojear un espacio con el prop\u00f3sito de reconocer objetos en \u00e9l), est\u00e1 conducta f\u00e1ctica supone la aceptaci\u00f3n jur\u00eddica autom\u00e1tica y sin modificaci\u00f3n alguna, de los t\u00e9rminos, condiciones y advertencias recogidas en el presente texto. Las conductas descritas confieren la condici\u00f3n de usuario sin necesidad de firma convencional por parte del usuario, en cuanto a los t\u00e9rminos aqu\u00ed establecidos sin perjuicio de la aplicaci\u00f3n de las correspondientes normativas de obligado cumplimiento.<\/p>\n\n\n\n<p>Es obligaci\u00f3n de M\u00aa EVA LLORET ARANDA advertir que si el Usuario estuviera en desacuerdo con los t\u00e9rminos presentes en este documento, el usuario deber\u00e1 abstenerse de acceder a los sitios web, por lo que M\u00aa EVA LLORET ARANDA le invita inmediatamente a abandonar este sitio web si est\u00e1 conforme a citada advertencia.<\/p>\n\n\n\n<p>2.2. El Usuario se declara como una persona f\u00edsica o jur\u00eddica, M\u00aa EVA LLORET ARANDA declara, y el Usuario reconoce, que M\u00aa EVA LLORET ARANDA proporciona gran diversidad de informaci\u00f3n, servicios y datos, asumiendo el usuario su responsabilidad en el uso correcto de los sitios web. Esta responsabilidad se extender\u00e1 a todos aquellos usos y pr\u00e1cticas que realice el usuario dentro de los sitios web, as\u00ed como el uso de la informaci\u00f3n, servicios y datos ofrecidos por M\u00aa EVA LLORET ARANDA.<\/p>\n\n\n\n<p><strong>3. Directrices del Usuario<\/strong><\/p>\n\n\n\n<p>Hemos establecido una serie de normas b\u00e1sicas para que el usuario pueda seguirlas cuando acceda a nuestros sitios web, as\u00ed como cuando contrate nuestros servicios. Por favor, siga estas normas:<\/p>\n\n\n\n<p>3.1. Directrices de acceso a los sitios web<\/p>\n\n\n\n<p>3.1.1. Para acceder a los sitios web, el Usuario debe contar con un acceso y conexi\u00f3n a la Red Internet, abonar las tarifas de acceso, tener el equipo\/dispositivo y los sistemas electr\u00f3nicos necesarios para realizar la conexi\u00f3n a la red, incluyendo un terminal que sea adecuado al efecto (ordenador, tel\u00e9fono, tablet, etc\u2026) y un modem u otro dispositivo de acceso an\u00e1logo o similar.<\/p>\n\n\n\n<p>3.1.2. El Usuario conoce que el correcto acceso y uso de determinados contenidos y servicios de los sitios web, puede implicar la descarga en sus dispositivos inform\u00e1ticos de determinados programas de ordenador u otros elementos l\u00f3gicos. El Usuario es el \u00fanico responsable por la instalaci\u00f3n de citados elementos, declinando M\u00aa EVA LLORET ARANDA cualquier tipo de responsabilidad que de ello pudiera derivar.<\/p>\n\n\n\n<p>3.2. Directrices de utilizaci\u00f3n de los sitios web por el usuario<\/p>\n\n\n\n<p>3.2.1. El usuario se obliga a llevar a cabo una utilizaci\u00f3n de los sitios web, sus condiciones, servicios que se pudieran ofrecer, contenidos de conformidad con la Ley, la Moral, las buenas Costumbres y el orden p\u00fablico, no utiliz\u00e1ndolo contrariamente a los contenidos presentes en este texto, de forma lesiva para M\u00aa EVA LLORET ARANDA o terceros, o que de cualquier forma pueda da\u00f1ar, inutilizar o deteriorar los sitios web o sus servicios, o impedir un normal disfrute de los sitios web por otros Usuarios.<\/p>\n\n\n\n<p>3.2.2. El usuario se abstendr\u00e1 de realizar acciones que da\u00f1en, interrumpan o generen errores en los sistemas de M\u00aa EVA LLORET ARANDA, as\u00ed como introducir programas, virus, macros, applets, controles ActiveX o cualquier otro dispositivo l\u00f3gico o secuencia de caracteres que causen o sean susceptibles de causar cualquier tipo de alteraci\u00f3n en los sistemas inform\u00e1ticos.<\/p>\n\n\n\n<p>3.2.3 M\u00aa EVA LLORET ARANDA se reserva el derecho a denegar o retirar el acceso a los sitios web y\/o a los Servicios, en cualquier momento y sin necesidad de previo aviso a aquellos USUARIOS que incumplan los t\u00e9rminos y condiciones de uso.<\/p>\n\n\n\n<p>3.3. Limitaci\u00f3n de responsabilidad de M\u00aa EVA LLORET ARANDA por el uso de los sitios web.<\/p>\n\n\n\n<p>3.3.1. Los sitios web pueden albergar contenidos publicitarios o estar patrocinados. Los anunciantes y patrocinadores son los \u00fanicos responsables de asegurarse que el material remitido, para su inclusi\u00f3n en los sitios web, cumple con las leyes que en cada caso puedan ser de aplicaci\u00f3n. M\u00aa EVA LLORET ARANDA no ser\u00e1 responsable de cualquier error, inexactitud o irregularidad que puedan contener los contenidos publicitarios o de los patrocinadores.<\/p>\n\n\n\n<p>3.3.2. M\u00aa EVA LLORET ARANDA hace todos los esfuerzos necesarios para ofrecer la informaci\u00f3n contenida en los sitios web de forma veraz y sin errores tipogr\u00e1ficos. En el caso que en alg\u00fan momento se produjera alg\u00fan error de este tipo, ajeno en todo momento a la voluntad de M\u00aa EVA LLORET ARANDA, se proceder\u00eda a la subsanaci\u00f3n de la errata a la mayor brevedad y se facilitar\u00e1 al Usuario la informaci\u00f3n y opciones establecidas en la legislaci\u00f3n vigente.<\/p>\n\n\n\n<p>3.3.3. M\u00aa EVA LLORET ARANDA no ser\u00e1 responsable frente al Usuario, en cuanto:<\/p>\n\n\n\n<p>La eficacia en la conexi\u00f3n as\u00ed como la velocidad de acceso a los sitios web por el Usuario. Las interferencias, omisiones, interrupciones, virus inform\u00e1ticos, aver\u00edas telef\u00f3nicas o desconexiones en el funcionamiento operativo del sistema electr\u00f3nico por causas ajenas a M\u00aa EVA LLORET ARANDA.<\/p>\n\n\n\n<p>La informaci\u00f3n introducida por usuarios y terceras personas, ajenas a M\u00aa EVA LLORET ARANDA y con los que no se mantenga ning\u00fan tipo de acuerdo ni colaboraci\u00f3n contractual.<\/p>\n\n\n\n<p><strong>4. Pol\u00edtica de enlaces y exenciones de responsabilidad<\/strong><\/p>\n\n\n\n<p>4.1 M\u00aa EVA LLORET ARANDA no se hace responsable del contenido de las p\u00e1ginas web a las que el Usuario pueda acceder a trav\u00e9s de los enlaces establecidos en la plataforma y declara que en ning\u00fan caso proceder\u00e1 a examinar o ejercitar ning\u00fan tipo de control sobre el contenido de otras p\u00e1ginas de la red. Asimismo, tampoco garantizar\u00e1 la disponibilidad t\u00e9cnica, exactitud, veracidad, validez o legalidad de p\u00e1ginas ajenas a su propiedad a las que se pueda acceder por medio de los enlaces.<\/p>\n\n\n\n<p>4.2 M\u00aa EVA LLORET ARANDA declara haber adoptado todas las medidas necesarias para evitar cualquier da\u00f1o que, a los Usuarios de sus sitios webs, pudieran derivarse de la navegaci\u00f3n por sus sitios webs. En consecuencia, M\u00aa EVA LLORET ARANDA no se hace responsable, en ning\u00fan caso, de los eventuales da\u00f1os que por la navegaci\u00f3n por Internet pudiera sufrir el Usuario.<\/p>\n\n\n\n<p><strong>5. Vigencia del presente texto<\/strong><\/p>\n\n\n\n<p>5.1. M\u00aa EVA LLORET ARANDA se reserva el derecho a realizar las modificaciones que considere oportunas, sin aviso previo, en el contenido del sitio web. Tanto en lo referente a los contenidos de los sitios, como en las condiciones de uso de la mismos. Dichas modificaciones podr\u00e1n realizarse, a trav\u00e9s del sitio web, por cualquier forma admisible en derecho y ser\u00e1n de obligado cumplimiento durante el tiempo en que exclusivamente se encuentren publicadas y a disposici\u00f3n en los sitios web y hasta que no sean modificadas por otras posteriores.<\/p>\n\n\n\n<p>5.2. M\u00aa EVA LLORET ARANDA se reserva el derecho a actualizar el uso, t\u00e9rminos y condiciones aplicables a los sitios web. Siendo siempre de aplicaci\u00f3n, en beneficio del Usuario, los vigentes en el momento en que acceda al sitio web, as\u00ed como los vigentes a fecha de la posible solicitud de servicios, si fuera este el caso.<\/p>\n\n\n\n<p><strong>6. Propiedad intelectual e industrial.<\/strong><\/p>\n\n\n\n<p>6.1. Todos los textos, im\u00e1genes, contenidos, logos, marcas registradas o no, as\u00ed como los medios y formas de presentaci\u00f3n y montaje de los sitios web, son titularidad originaria o derivativamente de M\u00aa EVA LLORET ARANDA. Consecuentemente son obras o contenidos protegidos como propiedad intelectual y\/o propiedad industrial por el ordenamiento jur\u00eddico espa\u00f1ol conforme al Real Decreto legislativo 1\/1996, de 12 de abril por el que se aprueba el Texto Refundido de la Ley de Propiedad intelectual y por la Ley 17\/2001, de 7 de diciembre, de Marcas, si\u00e9ndoles adem\u00e1s aplicables tanto la normativa espa\u00f1ola af\u00edn y comunitaria en los citados campos, como los tratados internacionales relativos a la materia y suscritos por Espa\u00f1a.<\/p>\n\n\n\n<p>6.2. Todos los derechos sobre los contenidos, est\u00e1n reservados quedando prohibida expresamente la reproducci\u00f3n, distribuci\u00f3n, comunicaci\u00f3n p\u00fablica, transformaci\u00f3n y\/o cualquier modalidad de uso, de la totalidad o parte de los contenidos de los sitios web sin el consentimiento expreso de M\u00aa EVA LLORET ARANDA.<\/p>\n\n\n\n<p><strong>7. Registro en el \u00e1rea de clientes de la web, medios para corregir errores y acceso a documentos.<\/strong><\/p>\n\n\n\n<p>Si usted es propietario de alguna de las Comunidades de Propietarios que M\u00aa EVA LLORET ARANDA administra, podr\u00e1 acceder a su \u00e1rea privada de cliente a trav\u00e9s de la pesta\u00f1a \u201ccomunidad de propietarios\u201d de este website.<\/p>\n\n\n\n<p>Para poder obtener sus claves de acceso deber\u00e1 enviarnos un e-mail o un WhatsApp desde la cuenta de correo electr\u00f3nico o desde el n\u00ba de tel\u00e9fono que usted facilit\u00f3 a M\u00aa EVA LLORET ARANDA como medio de contacto. M\u00aa EVA LLORET ARANDA comprobar\u00e1 que el n\u00ba de tel\u00e9fono o el e-mail desde donde se recibe la petici\u00f3n coincide con el que tiene registrado en sus sistemas de informaci\u00f3n. A continuaci\u00f3n, M\u00aa EVA LLORET ARANDA le llamar\u00e1 por tel\u00e9fono, le pedir\u00e1 que se identifique con su n\u00ba de DNI y le facilitar\u00e1 una clave de acceso provisional, as\u00ed como el n\u00famero de su Comunidad de Propietarios.<\/p>\n\n\n\n<p>Una vez iniciada la sesi\u00f3n con su cuenta de usuario deber\u00e1 cambiar su contrase\u00f1a de acceso. Las contrase\u00f1as tienen que ser conocidas exclusivamente por el usuario propietario de \u00e9sta. Es responsabilidad del usuario asegurar la confidencialidad y custodia de la contrase\u00f1a.<\/p>\n\n\n\n<p>Las contrase\u00f1as de acceso deber\u00e1n cumplir con las siguientes caracter\u00edsticas:<\/p>\n\n\n\n<ol><li>Se evitar\u00e1n nombres comunes o cualquier otra combinaci\u00f3n que pueda identificar al usuario f\u00e1cilmente, tales como fecha de nacimiento, matr\u00edculas de veh\u00edculos, etc.<\/li><\/ol>\n\n\n\n<ol start=\"2\"><li>La contrase\u00f1a contendr\u00e1 un m\u00ednimo de ocho caracteres alfanum\u00e9ricos, que contendr\u00e1n may\u00fasculas, min\u00fasculas y s\u00edmbolos.<\/li><\/ol>\n\n\n\n<ol start=\"3\"><li>Las contrase\u00f1as deber\u00e1n cambiarse en un plazo, que en ning\u00fan caso, ser\u00e1 superior a un a\u00f1o.<\/li><\/ol>\n\n\n\n<ol start=\"4\"><li>Se evitar\u00e1 la comunicaci\u00f3n escrita que revele la contrase\u00f1a de cualquier usuario.<\/li><\/ol>\n\n\n\n<p>En cualquier momento podr\u00e1 modificar sus datos personales en la secci\u00f3n \u201cMi Ficha\u201d, as\u00ed como su contrase\u00f1a de acceso en la secci\u00f3n \u201cMi clave\u201d.<\/p>\n\n\n\n<p>Cada propietario podr\u00e1 acceder exclusivamente a la documentaci\u00f3n a la que pueda tener acceso, respetando la legislaci\u00f3n aplicable en materia de protecci\u00f3n de datos.<\/p>\n\n\n\n<p>Si en alg\u00fan momento tiene problemas para acceder a alguna parte de nuestra web, puede deberse al modelo o versi\u00f3n de su navegador o a la configuraci\u00f3n de las opciones de \u00e9ste. Si necesita que le ayudemos a encontrar la soluci\u00f3n o si tiene alguna duda respecto al funcionamiento de nuestro web, ll\u00e1menos al 965122626. Estaremos encantados de atenderle.<\/p>\n\n\n\n<p><strong>8. Comentarios del usuario.<\/strong><\/p>\n\n\n\n<p>Si, a solicitud nuestra o sin nuestra solicitud, env\u00eda ciertos env\u00edos espec\u00edficos a trav\u00e9s de su \u00e1rea de cliente por ejemplo, participaciones en el foro, creaci\u00f3n de noticias o creaci\u00f3n de avisos, (colectivamente, &#8216;comentarios&#8217;), usted acepta que no estaremos bajo ninguna obligaci\u00f3n (1) de mantener cualquier comentario en secreto; (2) pagar compensaci\u00f3n por cualquier comentario; o (3) para responder a cualquier comentario.<\/p>\n\n\n\n<p>Podemos, pero no tenemos la obligaci\u00f3n de monitorear, editar o eliminar el contenido que determinemos a nuestra entera discreci\u00f3n que sea ilegal, ofensivo, amenazante, difamatorio, pornogr\u00e1fico, obsceno o de lo contrario objetable o que infrinja la propiedad intelectual de cualquier parte.<\/p>\n\n\n\n<p>Usted acepta que sus comentarios no violar\u00e1n ning\u00fan derecho de terceros, incluidos los derechos de autor, marca registrada, privacidad, personalidad u otro derecho personal o de propiedad. Adem\u00e1s, acepta que sus comentarios no contendr\u00e1n material difamatorio o ilegal, abusivo u obsceno, ni contendr\u00e1n ning\u00fan virus inform\u00e1tico u otro malware que pueda afectar de alguna manera el funcionamiento de nuestro website. No puede usar una direcci\u00f3n de correo electr\u00f3nico falsa, pretender ser otra persona que no sea usted, o enga\u00f1arnos a nosotros o a terceros en cuanto al origen de los comentarios. Usted es el \u00fanico responsable de los comentarios que realice y de su exactitud. No nos hacemos responsables y no asumimos ninguna responsabilidad por los comentarios publicados por usted o cualquier tercero.<\/p>\n\n\n\n<p><strong>9. Legislaci\u00f3n aplicable y jurisdicci\u00f3n.<\/strong><\/p>\n\n\n\n<p>9.1 M\u00aa EVA LLORET ARANDA se reserva asimismo la facultad de presentar las acciones civiles o penales que considere oportunas por la utilizaci\u00f3n indebida de sus p\u00e1ginas web y contenidos, o por el incumplimiento de las presentes condiciones.<\/p>\n\n\n\n<p>9.2 Las partes acuerdan, de sus libres voluntades que la relaci\u00f3n entre el usuario y M\u00aa EVA LLORET ARANDA se regir\u00e1 por la normativa espa\u00f1ola vigente y ser\u00e1n competentes para decidir sobre cualquier controversia que se pudiera suscitar entre el Usuario y M\u00aa EVA LLORET ARANDA, los juzgados o tribunales de la ciudad de ALICANTE.<\/p>\n\n\n\n<p>ALICANTE a 13 de JULIO de 2020<\/p>\n","protected":false},"excerpt":{"rendered":"<p>T\u00c9RMINOS Y CONDICIONES DE USO 1. Introducci\u00f3n 1.1. Mediante el uso y el acceso a este sitio web y a las direcciones URL derivadas de www.mggestion.es (en adelante los sitios web), usted otorga un contrato vinculante con M\u00aa EVA LLORET ARANDA, su contrato con nosotros incluye su aceptaci\u00f3n a estos [&hellip;]<\/p>\n","protected":false},"author":1,"featured_media":0,"parent":0,"menu_order":0,"comment_status":"closed","ping_status":"closed","template":"","meta":[],"yoast_head":"<!-- This site is optimized with the Yoast SEO plugin v20.8 - https:\/\/yoast.com\/wordpress\/plugins\/seo\/ -->\n<title>Aviso Legal | Administracion Fincas<\/title>\n<meta name=\"robots\" content=\"index, follow, max-snippet:-1, max-image-preview:large, max-video-preview:-1\" \/>\n<link rel=\"canonical\" href=\"https:\/\/www.mggestion.es\/home\/aviso-legal\/\" \/>\n<meta property=\"og:locale\" content=\"es_ES\" \/>\n<meta property=\"og:type\" content=\"article\" \/>\n<meta property=\"og:title\" content=\"Aviso Legal | Administracion Fincas\" \/>\n<meta property=\"og:description\" content=\"T\u00c9RMINOS Y CONDICIONES DE USO 1. Introducci\u00f3n 1.1. Mediante el uso y el acceso a este sitio web y a las direcciones URL derivadas de www.mggestion.es (en adelante los sitios web), usted otorga un contrato vinculante con M\u00aa EVA LLORET ARANDA, su contrato con nosotros incluye su aceptaci\u00f3n a estos [&hellip;]\" \/>\n<meta property=\"og:url\" content=\"https:\/\/www.mggestion.es\/home\/aviso-legal\/\" \/>\n<meta property=\"og:site_name\" content=\"Administracion Fincas\" \/>\n<meta property=\"article:modified_time\" content=\"2020-12-09T13:30:27+00:00\" \/>\n<meta name=\"twitter:card\" content=\"summary_large_image\" \/>\n<meta name=\"twitter:label1\" content=\"Tiempo de lectura\" \/>\n\t<meta name=\"twitter:data1\" content=\"12 minutos\" \/>\n<script type=\"application\/ld+json\" class=\"yoast-schema-graph\">{\"@context\":\"https:\/\/schema.org\",\"@graph\":[{\"@type\":\"WebPage\",\"@id\":\"https:\/\/www.mggestion.es\/home\/aviso-legal\/\",\"url\":\"https:\/\/www.mggestion.es\/home\/aviso-legal\/\",\"name\":\"Aviso Legal | Administracion Fincas\",\"isPartOf\":{\"@id\":\"https:\/\/www.mggestion.es\/home\/#website\"},\"datePublished\":\"2020-12-09T13:30:26+00:00\",\"dateModified\":\"2020-12-09T13:30:27+00:00\",\"breadcrumb\":{\"@id\":\"https:\/\/www.mggestion.es\/home\/aviso-legal\/#breadcrumb\"},\"inLanguage\":\"es\",\"potentialAction\":[{\"@type\":\"ReadAction\",\"target\":[\"https:\/\/www.mggestion.es\/home\/aviso-legal\/\"]}]},{\"@type\":\"BreadcrumbList\",\"@id\":\"https:\/\/www.mggestion.es\/home\/aviso-legal\/#breadcrumb\",\"itemListElement\":[{\"@type\":\"ListItem\",\"position\":1,\"name\":\"Portada\",\"item\":\"https:\/\/www.mggestion.es\/home\/\"},{\"@type\":\"ListItem\",\"position\":2,\"name\":\"Aviso Legal\"}]},{\"@type\":\"WebSite\",\"@id\":\"https:\/\/www.mggestion.es\/home\/#website\",\"url\":\"https:\/\/www.mggestion.es\/home\/\",\"name\":\"Administracion Fincas Alicante\",\"description\":\"Gestion y administraci\u00f3n de comunidades de propietarios en Alicante\",\"publisher\":{\"@id\":\"https:\/\/www.mggestion.es\/home\/#organization\"},\"potentialAction\":[{\"@type\":\"SearchAction\",\"target\":{\"@type\":\"EntryPoint\",\"urlTemplate\":\"https:\/\/www.mggestion.es\/home\/?s={search_term_string}\"},\"query-input\":\"required name=search_term_string\"}],\"inLanguage\":\"es\"},{\"@type\":\"Organization\",\"@id\":\"https:\/\/www.mggestion.es\/home\/#organization\",\"name\":\"Mg Gestion\",\"url\":\"https:\/\/www.mggestion.es\/home\/\",\"logo\":{\"@type\":\"ImageObject\",\"inLanguage\":\"es\",\"@id\":\"https:\/\/www.mggestion.es\/home\/#\/schema\/logo\/image\/\",\"url\":\"https:\/\/www.mggestion.es\/home\/wp-content\/uploads\/2018\/06\/logotipo_MGgestion_transparente-e1529615103444.png\",\"contentUrl\":\"https:\/\/www.mggestion.es\/home\/wp-content\/uploads\/2018\/06\/logotipo_MGgestion_transparente-e1529615103444.png\",\"width\":300,\"height\":145,\"caption\":\"Mg Gestion\"},\"image\":{\"@id\":\"https:\/\/www.mggestion.es\/home\/#\/schema\/logo\/image\/\"}}]}<\/script>\n<!-- \/ Yoast SEO plugin. -->","yoast_head_json":{"title":"Aviso Legal | Administracion Fincas","robots":{"index":"index","follow":"follow","max-snippet":"max-snippet:-1","max-image-preview":"max-image-preview:large","max-video-preview":"max-video-preview:-1"},"canonical":"https:\/\/www.mggestion.es\/home\/aviso-legal\/","og_locale":"es_ES","og_type":"article","og_title":"Aviso Legal | Administracion Fincas","og_description":"T\u00c9RMINOS Y CONDICIONES DE USO 1. Introducci\u00f3n 1.1. Mediante el uso y el acceso a este sitio web y a las direcciones URL derivadas de www.mggestion.es (en adelante los sitios web), usted otorga un contrato vinculante con M\u00aa EVA LLORET ARANDA, su contrato con nosotros incluye su aceptaci\u00f3n a estos [&hellip;]","og_url":"https:\/\/www.mggestion.es\/home\/aviso-legal\/","og_site_name":"Administracion Fincas","article_modified_time":"2020-12-09T13:30:27+00:00","twitter_card":"summary_large_image","twitter_misc":{"Tiempo de lectura":"12 minutos"},"schema":{"@context":"https:\/\/schema.org","@graph":[{"@type":"WebPage","@id":"https:\/\/www.mggestion.es\/home\/aviso-legal\/","url":"https:\/\/www.mggestion.es\/home\/aviso-legal\/","name":"Aviso Legal | Administracion Fincas","isPartOf":{"@id":"https:\/\/www.mggestion.es\/home\/#website"},"datePublished":"2020-12-09T13:30:26+00:00","dateModified":"2020-12-09T13:30:27+00:00","breadcrumb":{"@id":"https:\/\/www.mggestion.es\/home\/aviso-legal\/#breadcrumb"},"inLanguage":"es","potentialAction":[{"@type":"ReadAction","target":["https:\/\/www.mggestion.es\/home\/aviso-legal\/"]}]},{"@type":"BreadcrumbList","@id":"https:\/\/www.mggestion.es\/home\/aviso-legal\/#breadcrumb","itemListElement":[{"@type":"ListItem","position":1,"name":"Portada","item":"https:\/\/www.mggestion.es\/home\/"},{"@type":"ListItem","position":2,"name":"Aviso Legal"}]},{"@type":"WebSite","@id":"https:\/\/www.mggestion.es\/home\/#website","url":"https:\/\/www.mggestion.es\/home\/","name":"Administracion Fincas Alicante","description":"Gestion y administraci\u00f3n de comunidades de propietarios en Alicante","publisher":{"@id":"https:\/\/www.mggestion.es\/home\/#organization"},"potentialAction":[{"@type":"SearchAction","target":{"@type":"EntryPoint","urlTemplate":"https:\/\/www.mggestion.es\/home\/?s={search_term_string}"},"query-input":"required name=search_term_string"}],"inLanguage":"es"},{"@type":"Organization","@id":"https:\/\/www.mggestion.es\/home\/#organization","name":"Mg Gestion","url":"https:\/\/www.mggestion.es\/home\/","logo":{"@type":"ImageObject","inLanguage":"es","@id":"https:\/\/www.mggestion.es\/home\/#\/schema\/logo\/image\/","url":"https:\/\/www.mggestion.es\/home\/wp-content\/uploads\/2018\/06\/logotipo_MGgestion_transparente-e1529615103444.png","contentUrl":"https:\/\/www.mggestion.es\/home\/wp-content\/uploads\/2018\/06\/logotipo_MGgestion_transparente-e1529615103444.png","width":300,"height":145,"caption":"Mg Gestion"},"image":{"@id":"https:\/\/www.mggestion.es\/home\/#\/schema\/logo\/image\/"}}]}},"_links":{"self":[{"href":"https:\/\/www.mggestion.es\/home\/wp-json\/wp\/v2\/pages\/289"}],"collection":[{"href":"https:\/\/www.mggestion.es\/home\/wp-json\/wp\/v2\/pages"}],"about":[{"href":"https:\/\/www.mggestion.es\/home\/wp-json\/wp\/v2\/types\/page"}],"author":[{"embeddable":true,"href":"https:\/\/www.mggestion.es\/home\/wp-json\/wp\/v2\/users\/1"}],"replies":[{"embeddable":true,"href":"https:\/\/www.mggestion.es\/home\/wp-json\/wp\/v2\/comments?post=289"}],"version-history":[{"count":1,"href":"https:\/\/www.mggestion.es\/home\/wp-json\/wp\/v2\/pages\/289\/revisions"}],"predecessor-version":[{"id":290,"href":"https:\/\/www.mggestion.es\/home\/wp-json\/wp\/v2\/pages\/289\/revisions\/290"}],"wp:attachment":[{"href":"https:\/\/www.mggestion.es\/home\/wp-json\/wp\/v2\/media?parent=289"}],"curies":[{"name":"wp","href":"https:\/\/api.w.org\/{rel}","templated":true}]}}