{"id":18,"date":"2018-06-21T04:41:12","date_gmt":"2018-06-21T04:41:12","guid":{"rendered":"http:\/\/www.mggestion.es\/desarrollo\/?page_id=18"},"modified":"2020-07-28T10:54:57","modified_gmt":"2020-07-28T08:54:57","slug":"acerca-de","status":"publish","type":"page","link":"https:\/\/www.mggestion.es\/home\/acerca-de\/","title":{"rendered":"Acerca de"},"content":{"rendered":"<p>Maria Eva Lloret Aranda, colegiada 1511 del colegio de administradores de fincas de Alicante, funda la empresa en el a\u00f1o <strong>2007.<\/strong><\/p>\n<p>Nace con el esfuerzo de dar un servicio \u00e1gil, fuerte y din\u00e1mico, en la que la base del servicio de calidad, rapidez, y transparencia, han sido y siguen siendo hoy, la principal meta y compromiso.<\/p>\n<p>Una administraci\u00f3n cercana, unida a los vecinos que representa, y formando equipo con ellos es la manera de funcionar desde los inicios y que hoy perdura, y en el \u00e1nimo seguir\u00e1 siendo el modo de futuro.<\/p>\n\n\n<p><\/p>\n","protected":false},"excerpt":{"rendered":"<p>Maria Eva Lloret Aranda, colegiada 1511 del colegio de administradores de fincas de Alicante, funda la empresa en el a\u00f1o 2007. Nace con el esfuerzo de dar un servicio \u00e1gil, fuerte y din\u00e1mico, en la que la base del servicio de calidad, rapidez, y transparencia, han sido y siguen siendo [&hellip;]<\/p>\n","protected":false},"author":1,"featured_media":0,"parent":0,"menu_order":2,"comment_status":"closed","ping_status":"closed","template":"","meta":[],"yoast_head":"<!-- This site is optimized with the Yoast SEO plugin v20.8 - https:\/\/yoast.com\/wordpress\/plugins\/seo\/ -->\n<title>Acerca de | Administracion Fincas<\/title>\n<meta name=\"robots\" content=\"index, follow, max-snippet:-1, max-image-preview:large, max-video-preview:-1\" \/>\n<link rel=\"canonical\" href=\"https:\/\/www.mggestion.es\/home\/acerca-de\/\" \/>\n<meta property=\"og:locale\" content=\"es_ES\" \/>\n<meta property=\"og:type\" content=\"article\" \/>\n<meta property=\"og:title\" content=\"Acerca de | Administracion Fincas\" \/>\n<meta property=\"og:description\" content=\"Maria Eva Lloret Aranda, colegiada 1511 del colegio de administradores de fincas de Alicante, funda la empresa en el a\u00f1o 2007. Nace con el esfuerzo de dar un servicio \u00e1gil, fuerte y din\u00e1mico, en la que la base del servicio de calidad, rapidez, y transparencia, han sido y siguen siendo [&hellip;]\" \/>\n<meta property=\"og:url\" content=\"https:\/\/www.mggestion.es\/home\/acerca-de\/\" \/>\n<meta property=\"og:site_name\" content=\"Administracion Fincas\" \/>\n<meta property=\"article:modified_time\" content=\"2020-07-28T08:54:57+00:00\" \/>\n<meta name=\"twitter:card\" content=\"summary_large_image\" \/>\n<script type=\"application\/ld+json\" class=\"yoast-schema-graph\">{\"@context\":\"https:\/\/schema.org\",\"@graph\":[{\"@type\":\"WebPage\",\"@id\":\"https:\/\/www.mggestion.es\/home\/acerca-de\/\",\"url\":\"https:\/\/www.mggestion.es\/home\/acerca-de\/\",\"name\":\"Acerca de | Administracion Fincas\",\"isPartOf\":{\"@id\":\"https:\/\/www.mggestion.es\/home\/#website\"},\"datePublished\":\"2018-06-21T04:41:12+00:00\",\"dateModified\":\"2020-07-28T08:54:57+00:00\",\"breadcrumb\":{\"@id\":\"https:\/\/www.mggestion.es\/home\/acerca-de\/#breadcrumb\"},\"inLanguage\":\"es\",\"potentialAction\":[{\"@type\":\"ReadAction\",\"target\":[\"https:\/\/www.mggestion.es\/home\/acerca-de\/\"]}]},{\"@type\":\"BreadcrumbList\",\"@id\":\"https:\/\/www.mggestion.es\/home\/acerca-de\/#breadcrumb\",\"itemListElement\":[{\"@type\":\"ListItem\",\"position\":1,\"name\":\"Portada\",\"item\":\"https:\/\/www.mggestion.es\/home\/\"},{\"@type\":\"ListItem\",\"position\":2,\"name\":\"Acerca de\"}]},{\"@type\":\"WebSite\",\"@id\":\"https:\/\/www.mggestion.es\/home\/#website\",\"url\":\"https:\/\/www.mggestion.es\/home\/\",\"name\":\"Administracion Fincas Alicante\",\"description\":\"Gestion y administraci\u00f3n de comunidades de propietarios en Alicante\",\"publisher\":{\"@id\":\"https:\/\/www.mggestion.es\/home\/#organization\"},\"potentialAction\":[{\"@type\":\"SearchAction\",\"target\":{\"@type\":\"EntryPoint\",\"urlTemplate\":\"https:\/\/www.mggestion.es\/home\/?s={search_term_string}\"},\"query-input\":\"required name=search_term_string\"}],\"inLanguage\":\"es\"},{\"@type\":\"Organization\",\"@id\":\"https:\/\/www.mggestion.es\/home\/#organization\",\"name\":\"Mg Gestion\",\"url\":\"https:\/\/www.mggestion.es\/home\/\",\"logo\":{\"@type\":\"ImageObject\",\"inLanguage\":\"es\",\"@id\":\"https:\/\/www.mggestion.es\/home\/#\/schema\/logo\/image\/\",\"url\":\"https:\/\/www.mggestion.es\/home\/wp-content\/uploads\/2018\/06\/logotipo_MGgestion_transparente-e1529615103444.png\",\"contentUrl\":\"https:\/\/www.mggestion.es\/home\/wp-content\/uploads\/2018\/06\/logotipo_MGgestion_transparente-e1529615103444.png\",\"width\":300,\"height\":145,\"caption\":\"Mg Gestion\"},\"image\":{\"@id\":\"https:\/\/www.mggestion.es\/home\/#\/schema\/logo\/image\/\"}}]}<\/script>\n<!-- \/ Yoast SEO plugin. -->","yoast_head_json":{"title":"Acerca de | Administracion Fincas","robots":{"index":"index","follow":"follow","max-snippet":"max-snippet:-1","max-image-preview":"max-image-preview:large","max-video-preview":"max-video-preview:-1"},"canonical":"https:\/\/www.mggestion.es\/home\/acerca-de\/","og_locale":"es_ES","og_type":"article","og_title":"Acerca de | Administracion Fincas","og_description":"Maria Eva Lloret Aranda, colegiada 1511 del colegio de administradores de fincas de Alicante, funda la empresa en el a\u00f1o 2007. Nace con el esfuerzo de dar un servicio \u00e1gil, fuerte y din\u00e1mico, en la que la base del servicio de calidad, rapidez, y transparencia, han sido y siguen siendo [&hellip;]","og_url":"https:\/\/www.mggestion.es\/home\/acerca-de\/","og_site_name":"Administracion Fincas","article_modified_time":"2020-07-28T08:54:57+00:00","twitter_card":"summary_large_image","schema":{"@context":"https:\/\/schema.org","@graph":[{"@type":"WebPage","@id":"https:\/\/www.mggestion.es\/home\/acerca-de\/","url":"https:\/\/www.mggestion.es\/home\/acerca-de\/","name":"Acerca de | Administracion Fincas","isPartOf":{"@id":"https:\/\/www.mggestion.es\/home\/#website"},"datePublished":"2018-06-21T04:41:12+00:00","dateModified":"2020-07-28T08:54:57+00:00","breadcrumb":{"@id":"https:\/\/www.mggestion.es\/home\/acerca-de\/#breadcrumb"},"inLanguage":"es","potentialAction":[{"@type":"ReadAction","target":["https:\/\/www.mggestion.es\/home\/acerca-de\/"]}]},{"@type":"BreadcrumbList","@id":"https:\/\/www.mggestion.es\/home\/acerca-de\/#breadcrumb","itemListElement":[{"@type":"ListItem","position":1,"name":"Portada","item":"https:\/\/www.mggestion.es\/home\/"},{"@type":"ListItem","position":2,"name":"Acerca de"}]},{"@type":"WebSite","@id":"https:\/\/www.mggestion.es\/home\/#website","url":"https:\/\/www.mggestion.es\/home\/","name":"Administracion Fincas Alicante","description":"Gestion y administraci\u00f3n de comunidades de propietarios en Alicante","publisher":{"@id":"https:\/\/www.mggestion.es\/home\/#organization"},"potentialAction":[{"@type":"SearchAction","target":{"@type":"EntryPoint","urlTemplate":"https:\/\/www.mggestion.es\/home\/?s={search_term_string}"},"query-input":"required name=search_term_string"}],"inLanguage":"es"},{"@type":"Organization","@id":"https:\/\/www.mggestion.es\/home\/#organization","name":"Mg Gestion","url":"https:\/\/www.mggestion.es\/home\/","logo":{"@type":"ImageObject","inLanguage":"es","@id":"https:\/\/www.mggestion.es\/home\/#\/schema\/logo\/image\/","url":"https:\/\/www.mggestion.es\/home\/wp-content\/uploads\/2018\/06\/logotipo_MGgestion_transparente-e1529615103444.png","contentUrl":"https:\/\/www.mggestion.es\/home\/wp-content\/uploads\/2018\/06\/logotipo_MGgestion_transparente-e1529615103444.png","width":300,"height":145,"caption":"Mg Gestion"},"image":{"@id":"https:\/\/www.mggestion.es\/home\/#\/schema\/logo\/image\/"}}]}},"_links":{"self":[{"href":"https:\/\/www.mggestion.es\/home\/wp-json\/wp\/v2\/pages\/18"}],"collection":[{"href":"https:\/\/www.mggestion.es\/home\/wp-json\/wp\/v2\/pages"}],"about":[{"href":"https:\/\/www.mggestion.es\/home\/wp-json\/wp\/v2\/types\/page"}],"author":[{"embeddable":true,"href":"https:\/\/www.mggestion.es\/home\/wp-json\/wp\/v2\/users\/1"}],"replies":[{"embeddable":true,"href":"https:\/\/www.mggestion.es\/home\/wp-json\/wp\/v2\/comments?post=18"}],"version-history":[{"count":5,"href":"https:\/\/www.mggestion.es\/home\/wp-json\/wp\/v2\/pages\/18\/revisions"}],"predecessor-version":[{"id":270,"href":"https:\/\/www.mggestion.es\/home\/wp-json\/wp\/v2\/pages\/18\/revisions\/270"}],"wp:attachment":[{"href":"https:\/\/www.mggestion.es\/home\/wp-json\/wp\/v2\/media?parent=18"}],"curies":[{"name":"wp","href":"https:\/\/api.w.org\/{rel}","templated":true}]}}