{"id":175,"date":"2018-06-22T02:24:24","date_gmt":"2018-06-22T00:24:24","guid":{"rendered":"https:\/\/www.mggestion.es\/home\/?page_id=175"},"modified":"2019-02-13T19:00:34","modified_gmt":"2019-02-13T18:00:34","slug":"servicios","status":"publish","type":"page","link":"https:\/\/www.mggestion.es\/home\/servicios\/","title":{"rendered":"Servicios"},"content":{"rendered":"<ul>\n<li>Gestiones para la constituci\u00f3n de Comunidades de Propietarios.<\/li>\n<li>Confecci\u00f3n de convocatorias, escritos, actas, y cualquier documento relevante para el conocimiento de propietarios.<\/li>\n<li>Asistencia personal a las juntas ordinarias y\/o extraordinarias.<\/li>\n<li>Elaboraci\u00f3n de los presupuestos al inicio de ejercicio.<\/li>\n<li>Control y gesti\u00f3n de cobro de cuotas y derramas, as\u00ed como el tratamiento de impagados en los recursos monitorios. Se ponen a disposici\u00f3n, de manera a\u00f1adida servicios de cualquier \u00edndole jur\u00eddica que se requiera para el cobro de las deudas.<\/li>\n<li>Reuniones peri\u00f3dicas con la Junta de Gobierno a los efectos de seguimiento y control de todas las cuestiones de inter\u00e9s general de su comunidad.<\/li>\n<li>Custodia de la documentaci\u00f3n de la finca.<\/li>\n<li>Asesor\u00eda y gesti\u00f3n de partes ante las compa\u00f1\u00edas de seguro, en referencia a los tratamientos de la comunidad.<\/li>\n<li>B\u00fasqueda de la eficiencia, ahorro, y control del gasto a nuestros propietarios.<\/li>\n<li>Posibilidad de acceder a toda la informaci\u00f3n de su comunidad a trav\u00e9s de\u00a0<a href=\"https:\/\/www.mggestion.es\/sucomunidad\" target=\"_blank\" rel=\"noopener\">https:\/\/www.mggestion.es\/sucomunidad<\/a><\/li>\n<\/ul>\n<p>Ofrecemos honorarios muy competitivos.<br \/>\n<strong>\u00a1\u00a1 Cons\u00faltenos sin ning\u00fan tipo de compromiso !!<\/strong><\/p>\n","protected":false},"excerpt":{"rendered":"<p>Gestiones para la constituci\u00f3n de Comunidades de Propietarios. Confecci\u00f3n de convocatorias, escritos, actas, y cualquier documento relevante para el conocimiento de propietarios. Asistencia personal a las juntas ordinarias y\/o extraordinarias. Elaboraci\u00f3n de los presupuestos al inicio de ejercicio. Control y gesti\u00f3n de cobro de cuotas y derramas, as\u00ed como el [&hellip;]<\/p>\n","protected":false},"author":1,"featured_media":0,"parent":0,"menu_order":0,"comment_status":"closed","ping_status":"closed","template":"","meta":[],"yoast_head":"<!-- This site is optimized with the Yoast SEO plugin v20.8 - https:\/\/yoast.com\/wordpress\/plugins\/seo\/ -->\n<title>Servicios | Administracion Fincas<\/title>\n<meta name=\"robots\" content=\"index, follow, max-snippet:-1, max-image-preview:large, max-video-preview:-1\" \/>\n<link rel=\"canonical\" href=\"https:\/\/www.mggestion.es\/home\/servicios\/\" \/>\n<meta property=\"og:locale\" content=\"es_ES\" \/>\n<meta property=\"og:type\" content=\"article\" \/>\n<meta property=\"og:title\" content=\"Servicios | Administracion Fincas\" \/>\n<meta property=\"og:description\" content=\"Gestiones para la constituci\u00f3n de Comunidades de Propietarios. Confecci\u00f3n de convocatorias, escritos, actas, y cualquier documento relevante para el conocimiento de propietarios. Asistencia personal a las juntas ordinarias y\/o extraordinarias. Elaboraci\u00f3n de los presupuestos al inicio de ejercicio. Control y gesti\u00f3n de cobro de cuotas y derramas, as\u00ed como el [&hellip;]\" \/>\n<meta property=\"og:url\" content=\"https:\/\/www.mggestion.es\/home\/servicios\/\" \/>\n<meta property=\"og:site_name\" content=\"Administracion Fincas\" \/>\n<meta property=\"article:modified_time\" content=\"2019-02-13T18:00:34+00:00\" \/>\n<meta name=\"twitter:card\" content=\"summary_large_image\" \/>\n<meta name=\"twitter:label1\" content=\"Tiempo de lectura\" \/>\n\t<meta name=\"twitter:data1\" content=\"1 minuto\" \/>\n<script type=\"application\/ld+json\" class=\"yoast-schema-graph\">{\"@context\":\"https:\/\/schema.org\",\"@graph\":[{\"@type\":\"WebPage\",\"@id\":\"https:\/\/www.mggestion.es\/home\/servicios\/\",\"url\":\"https:\/\/www.mggestion.es\/home\/servicios\/\",\"name\":\"Servicios | Administracion Fincas\",\"isPartOf\":{\"@id\":\"https:\/\/www.mggestion.es\/home\/#website\"},\"datePublished\":\"2018-06-22T00:24:24+00:00\",\"dateModified\":\"2019-02-13T18:00:34+00:00\",\"breadcrumb\":{\"@id\":\"https:\/\/www.mggestion.es\/home\/servicios\/#breadcrumb\"},\"inLanguage\":\"es\",\"potentialAction\":[{\"@type\":\"ReadAction\",\"target\":[\"https:\/\/www.mggestion.es\/home\/servicios\/\"]}]},{\"@type\":\"BreadcrumbList\",\"@id\":\"https:\/\/www.mggestion.es\/home\/servicios\/#breadcrumb\",\"itemListElement\":[{\"@type\":\"ListItem\",\"position\":1,\"name\":\"Portada\",\"item\":\"https:\/\/www.mggestion.es\/home\/\"},{\"@type\":\"ListItem\",\"position\":2,\"name\":\"Servicios\"}]},{\"@type\":\"WebSite\",\"@id\":\"https:\/\/www.mggestion.es\/home\/#website\",\"url\":\"https:\/\/www.mggestion.es\/home\/\",\"name\":\"Administracion Fincas Alicante\",\"description\":\"Gestion y administraci\u00f3n de comunidades de propietarios en Alicante\",\"publisher\":{\"@id\":\"https:\/\/www.mggestion.es\/home\/#organization\"},\"potentialAction\":[{\"@type\":\"SearchAction\",\"target\":{\"@type\":\"EntryPoint\",\"urlTemplate\":\"https:\/\/www.mggestion.es\/home\/?s={search_term_string}\"},\"query-input\":\"required name=search_term_string\"}],\"inLanguage\":\"es\"},{\"@type\":\"Organization\",\"@id\":\"https:\/\/www.mggestion.es\/home\/#organization\",\"name\":\"Mg Gestion\",\"url\":\"https:\/\/www.mggestion.es\/home\/\",\"logo\":{\"@type\":\"ImageObject\",\"inLanguage\":\"es\",\"@id\":\"https:\/\/www.mggestion.es\/home\/#\/schema\/logo\/image\/\",\"url\":\"https:\/\/www.mggestion.es\/home\/wp-content\/uploads\/2018\/06\/logotipo_MGgestion_transparente-e1529615103444.png\",\"contentUrl\":\"https:\/\/www.mggestion.es\/home\/wp-content\/uploads\/2018\/06\/logotipo_MGgestion_transparente-e1529615103444.png\",\"width\":300,\"height\":145,\"caption\":\"Mg Gestion\"},\"image\":{\"@id\":\"https:\/\/www.mggestion.es\/home\/#\/schema\/logo\/image\/\"}}]}<\/script>\n<!-- \/ Yoast SEO plugin. -->","yoast_head_json":{"title":"Servicios | Administracion Fincas","robots":{"index":"index","follow":"follow","max-snippet":"max-snippet:-1","max-image-preview":"max-image-preview:large","max-video-preview":"max-video-preview:-1"},"canonical":"https:\/\/www.mggestion.es\/home\/servicios\/","og_locale":"es_ES","og_type":"article","og_title":"Servicios | Administracion Fincas","og_description":"Gestiones para la constituci\u00f3n de Comunidades de Propietarios. Confecci\u00f3n de convocatorias, escritos, actas, y cualquier documento relevante para el conocimiento de propietarios. Asistencia personal a las juntas ordinarias y\/o extraordinarias. Elaboraci\u00f3n de los presupuestos al inicio de ejercicio. Control y gesti\u00f3n de cobro de cuotas y derramas, as\u00ed como el [&hellip;]","og_url":"https:\/\/www.mggestion.es\/home\/servicios\/","og_site_name":"Administracion Fincas","article_modified_time":"2019-02-13T18:00:34+00:00","twitter_card":"summary_large_image","twitter_misc":{"Tiempo de lectura":"1 minuto"},"schema":{"@context":"https:\/\/schema.org","@graph":[{"@type":"WebPage","@id":"https:\/\/www.mggestion.es\/home\/servicios\/","url":"https:\/\/www.mggestion.es\/home\/servicios\/","name":"Servicios | Administracion Fincas","isPartOf":{"@id":"https:\/\/www.mggestion.es\/home\/#website"},"datePublished":"2018-06-22T00:24:24+00:00","dateModified":"2019-02-13T18:00:34+00:00","breadcrumb":{"@id":"https:\/\/www.mggestion.es\/home\/servicios\/#breadcrumb"},"inLanguage":"es","potentialAction":[{"@type":"ReadAction","target":["https:\/\/www.mggestion.es\/home\/servicios\/"]}]},{"@type":"BreadcrumbList","@id":"https:\/\/www.mggestion.es\/home\/servicios\/#breadcrumb","itemListElement":[{"@type":"ListItem","position":1,"name":"Portada","item":"https:\/\/www.mggestion.es\/home\/"},{"@type":"ListItem","position":2,"name":"Servicios"}]},{"@type":"WebSite","@id":"https:\/\/www.mggestion.es\/home\/#website","url":"https:\/\/www.mggestion.es\/home\/","name":"Administracion Fincas Alicante","description":"Gestion y administraci\u00f3n de comunidades de propietarios en Alicante","publisher":{"@id":"https:\/\/www.mggestion.es\/home\/#organization"},"potentialAction":[{"@type":"SearchAction","target":{"@type":"EntryPoint","urlTemplate":"https:\/\/www.mggestion.es\/home\/?s={search_term_string}"},"query-input":"required name=search_term_string"}],"inLanguage":"es"},{"@type":"Organization","@id":"https:\/\/www.mggestion.es\/home\/#organization","name":"Mg Gestion","url":"https:\/\/www.mggestion.es\/home\/","logo":{"@type":"ImageObject","inLanguage":"es","@id":"https:\/\/www.mggestion.es\/home\/#\/schema\/logo\/image\/","url":"https:\/\/www.mggestion.es\/home\/wp-content\/uploads\/2018\/06\/logotipo_MGgestion_transparente-e1529615103444.png","contentUrl":"https:\/\/www.mggestion.es\/home\/wp-content\/uploads\/2018\/06\/logotipo_MGgestion_transparente-e1529615103444.png","width":300,"height":145,"caption":"Mg Gestion"},"image":{"@id":"https:\/\/www.mggestion.es\/home\/#\/schema\/logo\/image\/"}}]}},"_links":{"self":[{"href":"https:\/\/www.mggestion.es\/home\/wp-json\/wp\/v2\/pages\/175"}],"collection":[{"href":"https:\/\/www.mggestion.es\/home\/wp-json\/wp\/v2\/pages"}],"about":[{"href":"https:\/\/www.mggestion.es\/home\/wp-json\/wp\/v2\/types\/page"}],"author":[{"embeddable":true,"href":"https:\/\/www.mggestion.es\/home\/wp-json\/wp\/v2\/users\/1"}],"replies":[{"embeddable":true,"href":"https:\/\/www.mggestion.es\/home\/wp-json\/wp\/v2\/comments?post=175"}],"version-history":[{"count":2,"href":"https:\/\/www.mggestion.es\/home\/wp-json\/wp\/v2\/pages\/175\/revisions"}],"predecessor-version":[{"id":187,"href":"https:\/\/www.mggestion.es\/home\/wp-json\/wp\/v2\/pages\/175\/revisions\/187"}],"wp:attachment":[{"href":"https:\/\/www.mggestion.es\/home\/wp-json\/wp\/v2\/media?parent=175"}],"curies":[{"name":"wp","href":"https:\/\/api.w.org\/{rel}","templated":true}]}}